{"id":14,"date":"2016-02-09T22:33:42","date_gmt":"2016-02-09T21:33:42","guid":{"rendered":"http:\/\/www.osteopathe-tours37.com\/?page_id=14"},"modified":"2017-11-06T17:54:27","modified_gmt":"2017-11-06T16:54:27","slug":"quest-ce-que-losteopathie","status":"publish","type":"page","link":"http:\/\/www.osteopathe-tours37.com\/?page_id=14","title":{"rendered":"Qu&#8217;est-ce que l&#8217;ost\u00e9opathie ?"},"content":{"rendered":"<div style=\"background-repeat: no-repeat;\"><table>\n<tbody>\n<tr>\n<td><span style=\"font-family: verdana, geneva, sans-serif;\"><img decoding=\"async\" loading=\"lazy\" class=\"alignleft\" style=\"margin-top: 50px; margin-left: 28px;\" src=\"http:\/\/www.osteopathe-tours37.com\/images\/osteopathie.jpg\" alt=\"Osteopathie\" width=\"424\" height=\"283\" \/><\/span><\/td>\n<td>\n<blockquote>\n<ul>\n<li><span style=\"font-family: verdana, geneva, sans-serif;\">L\u2019ost\u00e9opathie est une approche th\u00e9rapeutique manuelle globale, visant \u00e0 diagnostiquer puis traiter les dysfonctionnements m\u00e9caniques et fonctionnels du corps humain. Elle peut aussi \u00eatre pratiqu\u00e9e de fa\u00e7on pr\u00e9ventive, afin d\u2019\u00e9viter tout probl\u00e8me majeur pouvant amener \u00e0 une g\u00e8ne dans la vie de tous les jours.<\/span><\/li>\n<\/ul>\n<\/blockquote>\n<blockquote>\n<ul>\n<li><span style=\"font-family: verdana, geneva, sans-serif;\">Une perte ou une diminution de mobilit\u00e9 d\u2019une structure (articulation, tendon, muscle, visc\u00e8re, apon\u00e9vrose, ligaments, os cr\u00e2nien etc.) par rapport \u00e0 une autre peut induire une perturbation soit locale, soit plus loin \u00e0 distance par un ph\u00e9nom\u00e8ne de compensation m\u00e9canique ou physiologique et\/ou par le syst\u00e8me neurologique.<\/span><span style=\"font-family: verdana, geneva, sans-serif;\"><br \/>\n<\/span><\/li>\n<\/ul>\n<\/blockquote>\n<\/td>\n<\/tr>\n<tr>\n<td colspan=\"2\">\n<blockquote>\n<ul>\n<li><span style=\"font-family: verdana, geneva, sans-serif;\">L\u2019ost\u00e9opathie repose sur des connaissances pr\u00e9cises de l\u2019anatomie et de la physiologie humaine. Son but est d\u2019\u00e9tablir un diagnostic pouvant potentiellement mettre en \u00e9vidence des liens de causes \u00e0 effets, si possible en comprenant le lien entre le motif de consultation, les probl\u00e8mes retrouv\u00e9s et les ant\u00e9c\u00e9dents m\u00e9dicaux du patient s\u2019il y en a un.<\/span><\/li>\n<\/ul>\n<\/blockquote>\n<\/td>\n<\/tr>\n<\/tbody>\n<\/table>\n<p>&nbsp;<\/p>\n<p><span style=\"font-family: verdana, geneva, sans-serif;\">L\u2019ost\u00e9opathie s\u2019applique \u00e0 tout type de personnes, du nouveau n\u00e9 au s\u00e9nior, sans exception. Elle s\u2019int\u00e9resse \u00e0 tous les grands syst\u00e8mes du corps tels que\u00a0:<\/span><\/p>\n<p><img decoding=\"async\" loading=\"lazy\" class=\"alignright\" title=\"\" src=\"http:\/\/www.osteopathe-tours37.com\/images\/lessystemes.jpg\" alt=\"Le stress \" width=\"288\" height=\"192\" \/><\/p>\n<ul>\n<li><span style=\"font-family: verdana, geneva, sans-serif;\">Le syst\u00e8me musculo-squelettique<\/span><\/li>\n<li><span style=\"font-family: verdana, geneva, sans-serif;\">Le syst\u00e8me digestif<\/span><\/li>\n<li><span style=\"font-family: verdana, geneva, sans-serif;\">Le syst\u00e8me neurologique<\/span><\/li>\n<li><span style=\"font-family: verdana, geneva, sans-serif;\">Le syst\u00e8me circulatoire veineux<\/span><\/li>\n<li><span style=\"font-family: verdana, geneva, sans-serif;\">Le syst\u00e8me ORL et pulmonaire<\/span><\/li>\n<li><span style=\"font-family: verdana, geneva, sans-serif;\">Le syst\u00e8me cr\u00e2nien (migraines, maux de t\u00eate \u2026)<\/span><\/li>\n<li><span style=\"font-family: verdana, geneva, sans-serif;\">Le syst\u00e8me neuro-v\u00e9g\u00e9tatif (stress, anxi\u00e9t\u00e9, \u00e9tat d\u00e9pressif, irratibilit\u00e9, troubles du sommeil \u2026)<\/span><\/li>\n<\/ul>\n<table class=\" aligncenter\" style=\"height: 362px; width: 940px;\" border=\"0\" cellspacing=\"0\" cellpadding=\"0\">\n<tbody>\n<tr style=\"height: 38.1667px;\">\n<td style=\"text-align: center; vertical-align: middle; width: 107px; height: 69.1667px;\" rowspan=\"2\">\n<p style=\"text-align: justify;\"><span style=\"font-family: verdana, geneva, sans-serif;\"><img decoding=\"async\" loading=\"lazy\" class=\"alignleft\" style=\"border-width: 0px; margin: 0px;\" src=\"http:\/\/osteopathe-tours37.com\/images\/nourrisson.jpg\" alt=\"Traitement du nourrisson\" width=\"103\" height=\"155\" \/><\/span><\/p>\n<\/td>\n<td style=\"text-align: center; vertical-align: bottom; width: 661.25px; height: 38.1667px;\">\n<p style=\"padding-left: 30px; text-align: left;\"><span style=\"font-family: verdana, geneva, sans-serif;\">Concernant le nourrisson, l\u2019ost\u00e9opathie traite les troubles du sommeil, <\/span><span style=\"font-family: verdana, geneva, sans-serif;\">les torticolis, les coliques, les pleurs incessants, les r\u00e9gurgitations, la position asym\u00e9trique de la t\u00eate, <\/span><span style=\"font-family: verdana, geneva, sans-serif;\">la nervosit\u00e9, les m\u00e9plats \u2026<\/span><\/p>\n<\/td>\n<\/tr>\n<tr style=\"height: 31px;\">\n<td style=\"text-align: center; vertical-align: middle; width: 661.25px; height: 31px;\"><\/td>\n<td style=\"width: 132.75px; height: 220px;\" rowspan=\"2\">\n<p style=\"text-align: justify;\"><span style=\"font-family: verdana, geneva, sans-serif;\"><img decoding=\"async\" loading=\"lazy\" class=\"aligncenter\" style=\"border-width: 0px; margin: 0px;\" src=\"http:\/\/osteopathe-tours37.com\/images\/femmeenceinte.jpg\" alt=\"Traitement de la femme enceinte\" width=\"106\" height=\"158\" \/><\/span><\/p>\n<\/td>\n<\/tr>\n<tr style=\"height: 189px;\">\n<td style=\"text-align: center; width: 107px; height: 189px;\"><\/td>\n<td style=\"padding-left: 30px; width: 661.25px; vertical-align: top; height: 189px;\"><span style=\"font-family: verdana, geneva, sans-serif;\">Enfin, concernant la femme enceinte, l\u2019ost\u00e9opathie permet de soulager tout ce qui est naus\u00e9es, lombalgies, <\/span><span style=\"font-family: verdana, geneva, sans-serif;\">sciatiques, pubalgies, troubles digestifs, reflux gastro-oesophagien, costalgies \u2026<\/span><\/td>\n<\/tr>\n<tr style=\"height: 189px;\">\n<td style=\"text-align: center; width: 107px; height: 189px;\"><\/td>\n<td style=\"padding-left: 30px; width: 661.25px; vertical-align: top; height: 189px;\"><\/td>\n<\/tr>\n<\/tbody>\n<\/table>\n<style>\n  .doctolib-button {display: inline-block;padding: 3px 3px;margin-bottom: 10px;font-size: 12px;font-weight: bold; line-height: 2;text-align: center;width: 200px;background-color: rgb(234, 218, 202);text-transform: none;text-color: rgb(255, 255, 255);font-size: 12px;vertical-align: middle;cursor: pointer;text-decoration: none;font-family: Verdana;border: 5px solid transparent;border-width: 5px;border-style: solid;border-image: none;border-radius: 10px;border-color: rgb(148, 125, 117);-moz-border-top-colors: 1;-moz-border-right-colors: 1;-moz-border-bottom-colors: 1;-moz-border-left-colors: 1;-moz-user-select: none;}<\/p>\n<p>  .doctolib-button:hover {background-color: rgb(234, 218, 202);color: white;text-decoration:none;}<\/style>\n<p style=\"text-align: center;\"><a class=\"doctolib-button\" title=\"Mme Manon CARATY - Ost\u00e9opathe Tours\" href=\"https:\/\/www.doctolib.fr\/osteopathe\/tours\/manon-caraty\" target=\"_blank\" rel=\"noopener\">Prendre rendez-vous en ligne<\/a><\/p>\n<\/div>","protected":false},"excerpt":{"rendered":"<p>L\u2019ost\u00e9opathie est une approche th\u00e9rapeutique manuelle globale, visant \u00e0 diagnostiquer puis traiter les dysfonctionnements m\u00e9caniques et fonctionnels du corps humain. Elle peut aussi \u00eatre pratiqu\u00e9e de fa\u00e7on pr\u00e9ventive, afin d\u2019\u00e9viter tout probl\u00e8me majeur pouvant amener \u00e0 une g\u00e8ne dans la vie de tous les jours. Une perte ou une diminution de mobilit\u00e9 d\u2019une structure (articulation, [&hellip;]<\/p>\n","protected":false},"author":1,"featured_media":0,"parent":0,"menu_order":1,"comment_status":"closed","ping_status":"closed","template":"","meta":[],"_links":{"self":[{"href":"http:\/\/www.osteopathe-tours37.com\/index.php?rest_route=\/wp\/v2\/pages\/14"}],"collection":[{"href":"http:\/\/www.osteopathe-tours37.com\/index.php?rest_route=\/wp\/v2\/pages"}],"about":[{"href":"http:\/\/www.osteopathe-tours37.com\/index.php?rest_route=\/wp\/v2\/types\/page"}],"author":[{"embeddable":true,"href":"http:\/\/www.osteopathe-tours37.com\/index.php?rest_route=\/wp\/v2\/users\/1"}],"replies":[{"embeddable":true,"href":"http:\/\/www.osteopathe-tours37.com\/index.php?rest_route=%2Fwp%2Fv2%2Fcomments&post=14"}],"version-history":[{"count":84,"href":"http:\/\/www.osteopathe-tours37.com\/index.php?rest_route=\/wp\/v2\/pages\/14\/revisions"}],"predecessor-version":[{"id":429,"href":"http:\/\/www.osteopathe-tours37.com\/index.php?rest_route=\/wp\/v2\/pages\/14\/revisions\/429"}],"wp:attachment":[{"href":"http:\/\/www.osteopathe-tours37.com\/index.php?rest_route=%2Fwp%2Fv2%2Fmedia&parent=14"}],"curies":[{"name":"wp","href":"https:\/\/api.w.org\/{rel}","templated":true}]}}