{"id":7,"date":"2016-02-03T17:30:58","date_gmt":"2016-02-03T16:30:58","guid":{"rendered":"http:\/\/www.osteopathe-tours37.com\/?page_id=7"},"modified":"2025-02-08T12:42:19","modified_gmt":"2025-02-08T11:42:19","slug":"accueil","status":"publish","type":"page","link":"http:\/\/www.osteopathe-tours37.com\/","title":{"rendered":"Accueil"},"content":{"rendered":"<div style=\"background-image: url('http:\/\/www.osteopathe-tours37.com\/images\/accueil4.jpg');background-repeat: no-repeat;opacity : 1;\"><div style=\"text-align: center;\"><span style=\"color: #ffffff;\">\u00a0<\/span><\/div>\n<table class=\" aligncenter\" style=\"height: 321px; width: 1015px;\">\n<tbody>\n<tr style=\"height: 180.917px;\">\n<td style=\"width: 56px; height: 180.917px; margin-left: 25px; vertical-align: top;\"><span style=\"color: #ffffff;\">\u00a0<\/span><\/td>\n<td style=\"width: 239px; height: 180.917px; margin-left: 25px; vertical-align: top;\">\n<div>\n<table style=\"background-color: #807373;\">\n<tbody>\n<tr>\n<td>\n<div>\u00a0\u00a0\u00a0 <span style=\"color: #ffffff;\">Consultations sur\u00a0 <\/span><\/div>\n<div><span style=\"color: #ffffff;\">\u00a0\u00a0 \u00a0\u00a0\u00a0\u00a0 rendez-vous, \u00a0 \u00a0 \u00a0 \u00a0 <\/span><\/div>\n<div><span style=\"color: #ffffff;\">\u00a0\u00a0 du <strong>lund<\/strong><strong>i <\/strong>au<strong> vendredi<\/strong><\/span><\/div>\n<\/td>\n<\/tr>\n<\/tbody>\n<\/table>\n<\/div>\n<div>\n<style>\n  .doctolib-button {display: inline-block;padding: 3px 3px;margin-bottom: 10px;font-size: 12px;font-weight: bold; line-height: 2;text-align: center;width: 200px;background-color: rgb(234, 218, 202);text-transform: none;text-color: rgb(255, 255, 255);font-size: 12px;vertical-align: middle;cursor: pointer;text-decoration: none;font-family: Verdana;border: 5px solid transparent;border-width: 5px;border-style: solid;border-image: none;border-radius: 10px;border-color: rgb(148, 125, 117);-moz-border-top-colors: 1;-moz-border-right-colors: 1;-moz-border-bottom-colors: 1;-moz-border-left-colors: 1;-moz-user-select: none;}<\/p>\n<p>  .doctolib-button:hover {background-color: rgb(234, 218, 202);color: white;text-decoration:none;}<\/style>\n<p><span style=\"color: #ffffff;\"><a class=\"doctolib-button\" title=\"Mme Manon CARATY - Ost\u00e9opathe Tours\" href=\"https:\/\/www.doctolib.fr\/osteopathe\/tours\/manon-caraty\" target=\"_blank\" rel=\"noopener noreferrer\">Prendre rendez-vous en ligne<\/a><\/span><\/p>\n<\/div>\n<\/td>\n<td style=\"width: 295px; height: 180.917px; margin-left: 25px; vertical-align: top;\"><span style=\"color: #ffffff;\">\u00a0<\/span><\/td>\n<td style=\"width: 322.833px; height: 180.917px; margin-left: 25px; vertical-align: top; text-align: right;\">\n<div>\n<div><span style=\"font-size: 14pt; color: #ffffff;\"><strong>Manon Caraty<\/strong><\/span><\/div>\n<div><span style=\"font-size: 14pt; color: #ffffff;\"><strong>Ost\u00e9opathe D.O.<\/strong><\/span><\/div>\n<div><span style=\"font-size: 14pt; color: #ffffff;\">21 rue Richelieu<\/span><\/div>\n<div><span style=\"font-size: 14pt; color: #ffffff;\">37000 TOURS<\/span><\/div>\n<div><span style=\"font-size: 14pt; color: #ffffff;\"><strong>09 83 34 77 51<\/strong><\/span><\/div>\n<\/div>\n<\/td>\n<\/tr>\n<\/tbody>\n<\/table>\n<table style=\"height: 385px; width: 913.85px;\">\n<tbody>\n<tr>\n<td style=\"height: 130px; width: 15px;\"><span style=\"color: #ffffff;\">\u00a0<\/span><\/td>\n<\/tr>\n<tr>\n<td style=\"width: 15px;\"><span style=\"color: #ffffff;\">\u00a0<\/span><\/td>\n<td style=\"width: 882.85px;\">\n<div style=\"text-align: left;\"><span style=\"color: #ffffff; font-size: 10pt; font-family: verdana, geneva, sans-serif; background-color: #999999;\">Complexe de la m\u00e2choire<\/span><\/div>\n<div><span style=\"color: #ffffff; font-size: 10pt; font-family: verdana, geneva, sans-serif; background-color: #999999;\">Prise en charge du sportif<\/span><\/div>\n<div style=\"text-align: left;\"><span style=\"color: #ffffff; font-size: 10pt; font-family: verdana, geneva, sans-serif; background-color: #999999;\">Prise en charge p\u00e9diatrique<\/span><\/div>\n<div style=\"text-align: left;\"><span style=\"color: #ffffff; font-size: 10pt; font-family: verdana, geneva, sans-serif; background-color: #999999;\">Lien m\u00e9canique ost\u00e9opathique <\/span><\/div>\n<div style=\"text-align: left;\">\n<div style=\"text-align: left;\"><span style=\"color: #ffffff; font-size: 10pt; font-family: verdana, geneva, sans-serif; background-color: #999999;\">Approche cr\u00e2nienne et visc\u00e9rale\u00a0<\/span><\/div>\n<div style=\"text-align: left;\"><span style=\"color: #ffffff; font-size: 10pt; font-family: verdana, geneva, sans-serif; background-color: #999999;\">Prise en charge des urgences ost\u00e9opathiques<\/span><\/div>\n<\/div>\n<div style=\"text-align: left;\"><span style=\"color: #ffffff; font-size: 10pt; font-family: verdana, geneva, sans-serif; background-color: #999999;\">Prise en charge de la femme enceinte et du post-partum<\/span><\/div>\n<\/td>\n<\/tr>\n<\/tbody>\n<\/table>\n<\/div>","protected":false},"excerpt":{"rendered":"<p>\u00a0 \u00a0 \u00a0\u00a0\u00a0 Consultations sur\u00a0 \u00a0\u00a0 \u00a0\u00a0\u00a0\u00a0 rendez-vous, \u00a0 \u00a0 \u00a0 \u00a0 \u00a0\u00a0 du lundi au vendredi Prendre rendez-vous en ligne \u00a0 Manon Caraty Ost\u00e9opathe D.O. 21 rue Richelieu 37000 TOURS 09 83 34 77 51 \u00a0 \u00a0 Complexe de la m\u00e2choire Prise en charge du sportif Prise en charge p\u00e9diatrique Lien m\u00e9canique ost\u00e9opathique Approche [&hellip;]<\/p>\n","protected":false},"author":1,"featured_media":0,"parent":0,"menu_order":0,"comment_status":"closed","ping_status":"closed","template":"","meta":[],"_links":{"self":[{"href":"http:\/\/www.osteopathe-tours37.com\/index.php?rest_route=\/wp\/v2\/pages\/7"}],"collection":[{"href":"http:\/\/www.osteopathe-tours37.com\/index.php?rest_route=\/wp\/v2\/pages"}],"about":[{"href":"http:\/\/www.osteopathe-tours37.com\/index.php?rest_route=\/wp\/v2\/types\/page"}],"author":[{"embeddable":true,"href":"http:\/\/www.osteopathe-tours37.com\/index.php?rest_route=\/wp\/v2\/users\/1"}],"replies":[{"embeddable":true,"href":"http:\/\/www.osteopathe-tours37.com\/index.php?rest_route=%2Fwp%2Fv2%2Fcomments&post=7"}],"version-history":[{"count":181,"href":"http:\/\/www.osteopathe-tours37.com\/index.php?rest_route=\/wp\/v2\/pages\/7\/revisions"}],"predecessor-version":[{"id":492,"href":"http:\/\/www.osteopathe-tours37.com\/index.php?rest_route=\/wp\/v2\/pages\/7\/revisions\/492"}],"wp:attachment":[{"href":"http:\/\/www.osteopathe-tours37.com\/index.php?rest_route=%2Fwp%2Fv2%2Fmedia&parent=7"}],"curies":[{"name":"wp","href":"https:\/\/api.w.org\/{rel}","templated":true}]}}