{"id":11,"date":"2016-02-03T17:48:57","date_gmt":"2016-02-03T16:48:57","guid":{"rendered":"http:\/\/www.osteopathe-tours37.com\/?page_id=11"},"modified":"2025-02-08T13:39:54","modified_gmt":"2025-02-08T12:39:54","slug":"ma-formation","status":"publish","type":"page","link":"https:\/\/www.osteopathe-tours37.com\/?page_id=11","title":{"rendered":"Ma formation"},"content":{"rendered":"<div style=\"background-repeat: no-repeat;\"><blockquote><p><span style=\"font-family: verdana,geneva,sans-serif; font-size: 14pt;\">Dipl\u00f4m\u00e9e du Centre Europ\u00e9en d\u2019Enseignement Sup\u00e9rieur de l\u2019Ost\u00e9opathie de PARIS (<a href=\"http:\/\/www.ceesoparis.com\/\" target=\"_blank\" rel=\"noopener\">CEESO Paris<\/a>)<\/span><\/p><\/blockquote>\n<table>\n<tbody>\n<tr>\n<td style=\"vertical-align: middle;\">\n<ul>\n<li><span style=\"font-family: verdana, geneva, sans-serif;\">Ecole agr\u00e9\u00e9e par le Minist\u00e8re de la Sant\u00e9<\/span><\/li>\n<\/ul>\n<ul>\n<li><span style=\"font-family: verdana, geneva, sans-serif;\">Ecole membre du RGEO (R\u00e9seau des Grandes Ecoles d\u2019Ost\u00e9opathie)<\/span><\/li>\n<\/ul>\n<ul>\n<li><span style=\"font-family: verdana, geneva, sans-serif;\">Formation de 4800 heures en 5 ans<\/span><\/li>\n<\/ul>\n<ul>\n<li><span style=\"font-family: verdana, geneva, sans-serif;\">Dipl\u00f4me inscrit au R\u00e9pertoire National des Certifications Professionnelles de niveau 1 (RNCP 1)<\/span><\/li>\n<\/ul>\n<blockquote>\n<p style=\"text-align: center;\"><span style=\"color: #993300;\"><a href=\"http:\/\/www.ceesoparis.com\/\" target=\"_blank\" rel=\"noopener\">Visitez le site internet du CEESO Paris<\/a><\/span><\/p>\n<\/blockquote>\n<\/td>\n<td style=\"width: 300px;\">\u00a0 <img decoding=\"async\" loading=\"lazy\" class=\"aligncenter\" style=\"margin-right: 50px; margin-left: 30px;\" src=\"http:\/\/osteopathe-tours37.com\/images\/formation.jpg\" alt=\"Ma formation\" width=\"252\" height=\"252\" \/><\/td>\n<\/tr>\n<\/tbody>\n<\/table>\n<p><span style=\"font-family: verdana, geneva, sans-serif;\">\u00a0Durant mon cursus, j\u2019ai particip\u00e9 \u00e0 de nombreux s\u00e9minaires tels que\u00a0:<\/span><\/p>\n<ul>\n<li><span style=\"font-family: verdana, geneva, sans-serif;\">La prise en charge de la femme enceinte et du nourrisson avec Isabelle Tousch<\/span><\/li>\n<li><span style=\"font-family: verdana, geneva, sans-serif;\">Le complexe Cranio-Laryngo-Pharyng\u00e9 avec Alain Piron<\/span><\/li>\n<li><span style=\"font-family: verdana, geneva, sans-serif;\">La prise en charge des urgences ost\u00e9opathiques avec Gilles Moucheron et St\u00e9phane Quero<\/span><\/li>\n<li><span style=\"font-family: verdana, geneva, sans-serif;\">La fasciapraxie avec Yves Laval<\/span><\/li>\n<li><span style=\"font-family: verdana, geneva, sans-serif;\">La p\u00e9diatrie avec Thierry Leboursier et Jean-Marie Briand<\/span><\/li>\n<li><span style=\"font-family: verdana, geneva, sans-serif;\">Le lien m\u00e9canique ost\u00e9opathique avec Ildiko Somody-Neplaz<\/span><\/li>\n<li><span style=\"font-family: verdana, geneva, sans-serif;\">L\u2019approche cr\u00e2nienne avec Ronald Ellis<\/span><\/li>\n<\/ul>\n<p style=\"text-align: center;\">\u2666<\/p>\n<p style=\"text-align: center;\"><span style=\"font-family: verdana, geneva, sans-serif;\">Je continue depuis mon dipl\u00f4me \u00e0 me former r\u00e9guli\u00e8rement en participant \u00e0 diff\u00e9rentes formations professionnelles, m&#8217;apportant de nouvelles choses dans ma pratique de tous les jours. J&#8217;ai notamment fait :<\/span><\/p>\n<ul>\n<li><span style=\"font-family: verdana, geneva, sans-serif;\">L&#8217;approche visc\u00e9rale de la femme enceinte et du nourrisson avec St\u00e9phane Breton\u00a0<\/span><\/li>\n<li><span style=\"font-family: verdana, geneva, sans-serif;\">L&#8217;approche ost\u00e9opathique de la femme en pr\u00e9 et post-natalit\u00e9 avec Anne Macquet\u00a0<\/span><\/li>\n<li><span style=\"font-family: verdana,geneva,sans-serif;\">L&#8217;int\u00e9gration de la posturologie et de ses syst\u00e8mes de contr\u00f4le en ost\u00e9opathie avec R\u00e9mi Baudriboc\u00a0<\/span><\/li>\n<li><span style=\"font-family: verdana, geneva, sans-serif;\">L&#8217;approche ost\u00e9opathique des b\u00e9b\u00e9s Module 1, avec Eric Simon &amp; Dany Heintz-Blondy\u00a0<\/span><\/li>\n<li><span style=\"font-family: verdana, geneva, sans-serif;\">La formation uro-gyn\u00e9cologique niveau 1, sur la grossesse, l&#8217;accouchement et le post-partum avec Catherine Rybus<\/span><\/li>\n<li><span style=\"font-family: verdana, geneva, sans-serif;\">La formation uro-gyn\u00e9cologique niveau 2, sur l&#8217;infertilit\u00e9 et les douleurs g\u00e9nitales avec Catherine Rybus\u00a0<\/span><\/li>\n<li><span style=\"font-family: verdana, geneva, sans-serif;\">L&#8217;approche ost\u00e9opathique des plagioc\u00e9phalies des nourrissons, l&#8217;\u00e9valuation, la prises de mesures et l&#8217;intervention avec Sylvie Lessard\u00a0<\/span><\/li>\n<\/ul>\n<p style=\"text-align: center;\">\u2666<\/p>\n<p><span style=\"font-family: verdana, geneva, sans-serif;\">Pendant mes \u00e9tudes, j\u2019ai eu l\u2019occasion d\u2019effectuer divers stages en milieu hospitalier tels que\u00a0:<\/span><\/p>\n<ul>\n<li><span style=\"font-family: verdana, geneva, sans-serif;\">Service de gyn\u00e9cologie-obst\u00e9trique \u00e0 l\u2019h\u00f4pital du Kremlin-Bic\u00eatre<\/span><\/li>\n<li><span style=\"font-family: verdana, geneva, sans-serif;\">Service d\u2019imagerie m\u00e9dicale au Centre Cardiologique du Nord de Saint-Denis, \u00e0 la Clinique du Landy de Saint-Denis ainsi qu\u2019\u00e0 l\u2019h\u00f4pital Bichat de Paris.<\/span><\/li>\n<li><span style=\"font-family: verdana, geneva, sans-serif;\">Consultations m\u00e9dicales au sein de la cr\u00e8che de Soisy-Sous-Montmorency<\/span><\/li>\n<\/ul>\n<p style=\"text-align: center;\">\u2666<\/p>\n<p><span style=\"font-family: verdana, geneva, sans-serif;\">Passionn\u00e9e de danse et convaincue que l\u2019ost\u00e9opathie peut apporter du confort et de la comp\u00e9titivit\u00e9 aux danseurs, j\u2019ai r\u00e9alis\u00e9 un m\u00e9moire de fin d\u2019\u00e9tude intitul\u00e9 \u00ab\u00a0Pr\u00e9valence de dysfonctions somatiques chez une population de danseurs hip-hop debout en France\u00a0\u00bb.<\/span><\/p>\n<p style=\"text-align: center;\">\u2666<\/p>\n<div>\n<style>\n  .doctolib-button {display: inline-block;padding: 3px 3px;margin-bottom: 10px;font-size: 12px;font-weight: bold; line-height: 2;text-align: center;width: 200px;background-color: rgb(234, 218, 202);text-transform: none;text-color: rgb(255, 255, 255);font-size: 12px;vertical-align: middle;cursor: pointer;text-decoration: none;font-family: Verdana;border: 5px solid transparent;border-width: 5px;border-style: solid;border-image: none;border-radius: 10px;border-color: rgb(148, 125, 117);-moz-border-top-colors: 1;-moz-border-right-colors: 1;-moz-border-bottom-colors: 1;-moz-border-left-colors: 1;-moz-user-select: none;}<\/p>\n<p>  .doctolib-button:hover {background-color: rgb(234, 218, 202);color: white;text-decoration:none;}<\/style>\n<p style=\"text-align: center;\"><span style=\"color: #ffffff;\"><a class=\"doctolib-button\" title=\"Mme Manon CARATY - Ost\u00e9opathe Tours\" href=\"https:\/\/www.doctolib.fr\/osteopathe\/tours\/manon-caraty\" target=\"_blank\" rel=\"noopener\">Prendre rendez-vous en ligne<\/a><\/span><\/p>\n<\/div>\n<\/div>","protected":false},"excerpt":{"rendered":"<p>Dipl\u00f4m\u00e9e du Centre Europ\u00e9en d\u2019Enseignement Sup\u00e9rieur de l\u2019Ost\u00e9opathie de PARIS (CEESO Paris) Ecole agr\u00e9\u00e9e par le Minist\u00e8re de la Sant\u00e9 Ecole membre du RGEO (R\u00e9seau des Grandes Ecoles d\u2019Ost\u00e9opathie) Formation de 4800 heures en 5 ans Dipl\u00f4me inscrit au R\u00e9pertoire National des Certifications Professionnelles de niveau 1 (RNCP 1) Visitez le site internet du CEESO [&hellip;]<\/p>\n","protected":false},"author":1,"featured_media":0,"parent":0,"menu_order":3,"comment_status":"closed","ping_status":"closed","template":"","meta":[],"_links":{"self":[{"href":"https:\/\/www.osteopathe-tours37.com\/index.php?rest_route=\/wp\/v2\/pages\/11"}],"collection":[{"href":"https:\/\/www.osteopathe-tours37.com\/index.php?rest_route=\/wp\/v2\/pages"}],"about":[{"href":"https:\/\/www.osteopathe-tours37.com\/index.php?rest_route=\/wp\/v2\/types\/page"}],"author":[{"embeddable":true,"href":"https:\/\/www.osteopathe-tours37.com\/index.php?rest_route=\/wp\/v2\/users\/1"}],"replies":[{"embeddable":true,"href":"https:\/\/www.osteopathe-tours37.com\/index.php?rest_route=%2Fwp%2Fv2%2Fcomments&post=11"}],"version-history":[{"count":33,"href":"https:\/\/www.osteopathe-tours37.com\/index.php?rest_route=\/wp\/v2\/pages\/11\/revisions"}],"predecessor-version":[{"id":505,"href":"https:\/\/www.osteopathe-tours37.com\/index.php?rest_route=\/wp\/v2\/pages\/11\/revisions\/505"}],"wp:attachment":[{"href":"https:\/\/www.osteopathe-tours37.com\/index.php?rest_route=%2Fwp%2Fv2%2Fmedia&parent=11"}],"curies":[{"name":"wp","href":"https:\/\/api.w.org\/{rel}","templated":true}]}}