{"id":16,"date":"2016-02-09T23:02:46","date_gmt":"2016-02-09T22:02:46","guid":{"rendered":"http:\/\/www.osteopathe-tours37.com\/?page_id=16"},"modified":"2025-02-08T13:45:12","modified_gmt":"2025-02-08T12:45:12","slug":"plan-dacces-contact","status":"publish","type":"page","link":"https:\/\/www.osteopathe-tours37.com\/?page_id=16","title":{"rendered":"Rdv, contact &#038; plan d&#8217;acc\u00e8s"},"content":{"rendered":"<div style=\"background-repeat: no-repeat;\"><table>\n<tbody>\n<tr>\n<td style=\"width: 30px;\">\u00a0<\/td>\n<td style=\"text-align: center;\">\n<div><style>\n  .doctolib-button {display: inline-block;padding: 3px 3px;margin-bottom: 10px;font-size: 12px;font-weight: bold; line-height: 2;text-align: center;width: 200px;background-color: rgb(234, 218, 202);text-transform: none;text-color: rgb(255, 255, 255);font-size: 12px;vertical-align: middle;cursor: pointer;text-decoration: none;font-family: Verdana;border: 5px solid transparent;border-width: 5px;border-style: solid;border-image: none;border-radius: 10px;border-color: rgb(148, 125, 117);-moz-border-top-colors: 1;-moz-border-right-colors: 1;-moz-border-bottom-colors: 1;-moz-border-left-colors: 1;-moz-user-select: none;}<\/p>\n<p>  .doctolib-button:hover {background-color: rgb(234, 218, 202);color: white;text-decoration:none;}<\/style>\n<p><span style=\"color: #ffffff;\"><a class=\"doctolib-button\" title=\"Mme Manon CARATY - Ost\u00e9opathe Tours\" href=\"https:\/\/www.doctolib.fr\/osteopathe\/tours\/manon-caraty\" target=\"_blank\" rel=\"noopener\">Prendre rendez-vous en ligne<\/a><\/span><\/p>\n<\/div>\n<\/td>\n<td style=\"width: 100px; text-align: center;\" rowspan=\"5\"><img decoding=\"async\" loading=\"lazy\" class=\"aligncenter\" title=\"\" src=\"http:\/\/www.osteopathe-tours37.com\/images\/Plaque.jpg\" alt=\"\" width=\"432\" height=\"307\" \/><\/td>\n<\/tr>\n<tr>\n<td style=\"width: 30px;\">\u00a0<\/td>\n<td style=\"text-align: center;\"><strong><span style=\"font-family: verdana, geneva, sans-serif;\"><span style=\"text-decoration: underline;\">Me contacter<\/span> :\u00a0<\/span><\/strong><\/td>\n<\/tr>\n<tr style=\"height: 10px;\">\n<td style=\"width: 30px;\">\u00a0<\/td>\n<td>\n<ul>\n<li style=\"text-align: left;\"><span style=\"font-family: verdana, geneva, sans-serif;\">Par t\u00e9l\u00e9phone au <span style=\"color: #846a4d;\"><strong><span style=\"font-size: 12pt;\">09 83 34 77 51<\/span><\/strong><\/span><\/span><\/li>\n<li style=\"text-align: left;\"><span style=\"font-family: verdana, geneva, sans-serif;\">Par mail \u00e0 <span style=\"font-size: 12pt;\">l&#8217;adresse<\/span> : <strong><span style=\"font-size: 12pt;\"><a href=\"mailto:manon.caraty@osteopathe-tours37.com\">manon.caraty@osteopathe-tours37.com<br \/><\/a><\/span><\/strong><\/span><\/li>\n<\/ul>\n<\/td>\n<\/tr>\n<tr>\n<td style=\"width: 30px;\">\u00a0<\/td>\n<td style=\"text-align: center;\"><span style=\"text-decoration: underline;\"><strong><span style=\"font-family: verdana, geneva, sans-serif;\">Vous rendre au cabinet\u00a0:<\/span><\/strong><\/span><\/td>\n<\/tr>\n<tr>\n<td style=\"width: 30px;\">\u00a0<\/td>\n<td>\n<ul>\n<li><span style=\"font-family: verdana, geneva, sans-serif;\">En tramway : arr\u00eat Nationale<\/span><\/li>\n<li><span style=\"font-family: verdana, geneva, sans-serif;\">En bus lignes 4, 12, 53, 54 arr\u00eat Nationale<\/span><\/li>\n<li style=\"text-align: left;\"><span style=\"font-family: verdana, geneva, sans-serif;\">En voiture, vous avez la possibilit\u00e9 de vous garer dans les rues adjacentes (Rues Richelieu, de J\u00e9rusalem, de Sully, des Halles, Marceau, des d\u00e9port\u00e9s; Place de la R\u00e9sistance) ou de stationner dans les parkings du centre ville.<\/span><\/li>\n<\/ul>\n<\/td>\n<\/tr>\n<\/tbody>\n<\/table>\n<blockquote>\n<p style=\"text-align: center;\"><span style=\"font-size: 14pt; color: #846a4d;\"><strong>21 rue Richelieu \u00e0 Tours<\/strong><\/span><\/p>\n<p style=\"text-align: center;\">\u00a0<\/p>\n<\/blockquote>\n\n\n<pre class=\"wp-block-code\"><code><\/code><\/pre>\n\n\n\n<div class=\"wp-block-columns are-vertically-aligned-center is-layout-flex wp-container-2\">\n<div class=\"wp-block-column is-vertically-aligned-center is-layout-flow\" style=\"flex-basis:100%\">\n<CENTER><iframe src=\"https:\/\/www.google.com\/maps\/embed?pb=!1m18!1m12!1m3!1d2700.974251056912!2d0.6821435764602275!3d47.39293527117091!2m3!1f0!2f0!3f0!3m2!1i1024!2i768!4f13.1!3m3!1m2!1s0x47fcd5b092b00001%3A0x6321213015e4a465!2sManon%20Caraty%2C%20Ost%C3%A9opathe%20D.O.!5e0!3m2!1sfr!2sfr!4v1739015992979!5m2!1sfr!2sfr\" width=\"600\" height=\"450\" style=\"border:0;\" allowfullscreen=\"\" loading=\"lazy\" referrerpolicy=\"no-referrer-when-downgrade\"><\/iframe><\/CENTER>\n<\/div>\n<\/div>\n<\/div>","protected":false},"excerpt":{"rendered":"<p>\u00a0 Prendre rendez-vous en ligne \u00a0 Me contacter :\u00a0 \u00a0 Par t\u00e9l\u00e9phone au 09 83 34 77 51 Par mail \u00e0 l&#8217;adresse : manon.caraty@osteopathe-tours37.com \u00a0 Vous rendre au cabinet\u00a0: \u00a0 En tramway : arr\u00eat Nationale En bus lignes 4, 12, 53, 54 arr\u00eat Nationale En voiture, vous avez la possibilit\u00e9 de vous garer dans les [&hellip;]<\/p>\n","protected":false},"author":1,"featured_media":0,"parent":0,"menu_order":4,"comment_status":"closed","ping_status":"closed","template":"","meta":[],"_links":{"self":[{"href":"https:\/\/www.osteopathe-tours37.com\/index.php?rest_route=\/wp\/v2\/pages\/16"}],"collection":[{"href":"https:\/\/www.osteopathe-tours37.com\/index.php?rest_route=\/wp\/v2\/pages"}],"about":[{"href":"https:\/\/www.osteopathe-tours37.com\/index.php?rest_route=\/wp\/v2\/types\/page"}],"author":[{"embeddable":true,"href":"https:\/\/www.osteopathe-tours37.com\/index.php?rest_route=\/wp\/v2\/users\/1"}],"replies":[{"embeddable":true,"href":"https:\/\/www.osteopathe-tours37.com\/index.php?rest_route=%2Fwp%2Fv2%2Fcomments&post=16"}],"version-history":[{"count":70,"href":"https:\/\/www.osteopathe-tours37.com\/index.php?rest_route=\/wp\/v2\/pages\/16\/revisions"}],"predecessor-version":[{"id":508,"href":"https:\/\/www.osteopathe-tours37.com\/index.php?rest_route=\/wp\/v2\/pages\/16\/revisions\/508"}],"wp:attachment":[{"href":"https:\/\/www.osteopathe-tours37.com\/index.php?rest_route=%2Fwp%2Fv2%2Fmedia&parent=16"}],"curies":[{"name":"wp","href":"https:\/\/api.w.org\/{rel}","templated":true}]}}