{"id":5,"date":"2016-02-03T16:16:50","date_gmt":"2016-02-03T15:16:50","guid":{"rendered":"http:\/\/www.osteopathe-tours37.com\/?page_id=5"},"modified":"2017-11-06T17:46:23","modified_gmt":"2017-11-06T16:46:23","slug":"la-consultation","status":"publish","type":"page","link":"https:\/\/www.osteopathe-tours37.com\/?page_id=5","title":{"rendered":"La Consultation"},"content":{"rendered":"<div style=\"background-repeat: no-repeat;\"><ul>\n<li>\u00a0<span style=\"font-family: verdana, geneva, sans-serif; font-size: 14pt;\">La consultation se d\u00e9roule en trois temps\u00a0:<\/span><\/li>\n<\/ul>\n<table>\n<tbody>\n<tr>\n<td style=\"vertical-align: middle;\">\n<blockquote>\n<ul>\n<li><span style=\"font-family: verdana, geneva, sans-serif;\"><strong>L\u2019anamn\u00e8se<\/strong>\u00a0: le patient pr\u00e9sente son motif de consultation, et r\u00e9pond \u00e0 une s\u00e9rie de questions concernant sa douleur. Il \u00e9change \u00e9galement avec le praticien pour recenser ses ant\u00e9c\u00e9dents m\u00e9dicaux, chirurgicaux, traumatiques, familiaux \u2026 N\u00e9cessaires \u00e0 la compr\u00e9hension du motif de consultation. L\u2019objectif de l\u2019anamn\u00e8se est de dire si la douleur du patient est de son ressort ou bien s\u2019il est n\u00e9cessaire de pratiquer des examens compl\u00e9mentaires avant le traitement ost\u00e9opathique ou d\u2019aller consulter un m\u00e9decin. L\u2019ost\u00e9opathe pose ainsi ce qu\u2019on appelle un diagnostic diff\u00e9rentiel.<\/span><\/li>\n<\/ul>\n<\/blockquote>\n<\/td>\n<td style=\"width: 500px; vertical-align: middle;\">\u00a0 <span style=\"font-family: verdana, geneva, sans-serif;\"><img decoding=\"async\" loading=\"lazy\" class=\"aligncenter\" style=\"margin-bottom: 0px; margin-top: 0px; border-width: 0px;\" src=\"http:\/\/osteopathe-tours37.com\/images\/consultation.jpg\" alt=\"La consultation\" width=\"296\" height=\"296\" \/><\/span><\/td>\n<\/tr>\n<tr>\n<td colspan=\"2\">\n<blockquote>\n<ul>\n<li><span style=\"font-family: verdana, geneva, sans-serif;\"><strong>Les tests<\/strong> : cette phase permet \u00e0 l\u2019ost\u00e9opathe de rechercher pr\u00e9cis\u00e9ment la structure anatomique douloureuse et\/ou la structure physiologique atteinte ainsi que les causes de cette douleur. Cette phase permet aussi de pratiquer des tests d\u2019exclusion de pathologies organiques \u00e9ventuelles et d\u2019orienter \u00e9ventuellement le patient vers un m\u00e9decin, dans le cas o\u00f9 les tests seraient positifs. L\u2019ost\u00e9opathe est ensuite, une fois cette phase r\u00e9alis\u00e9e, en mesure d\u2019\u00e9laborer un plan de traitement qu\u2019il propose et explique au patient.<\/span><\/li>\n<\/ul>\n<\/blockquote>\n<blockquote>\n<ul>\n<li><span style=\"font-family: verdana, geneva, sans-serif;\"><strong>Le traitement<\/strong>\u00a0: compos\u00e9 de techniques manipulatives et de techniques douces, il vise \u00e0 corriger ces zones de tensions avec des techniques vari\u00e9es et surtout adapt\u00e9 au patient ainsi qu\u2019\u00e0 ses ant\u00e9c\u00e9dents.<\/span><\/li>\n<\/ul>\n<\/blockquote>\n<\/td>\n<\/tr>\n<\/tbody>\n<\/table>\n<p>&nbsp;<\/p>\n<ul>\n<li><span style=\"font-family: verdana, geneva, sans-serif;\">Il est recommand\u00e9 au patient d\u2019apporter les examens compl\u00e9mentaires qu\u2019il a effectu\u00e9 dans le pass\u00e9 si le motif de consultation est en rapport avec la zone (radiographies, scanners, IRM \u2026)<\/span><\/li>\n<\/ul>\n<ul>\n<li><span style=\"font-family: verdana, geneva, sans-serif;\">Le patient doit pr\u00e9voir de se mettre en sous-v\u00eatements pendant la consultation.<\/span><\/li>\n<\/ul>\n<ul>\n<li><span style=\"font-family: verdana, geneva, sans-serif;\"><span style=\"font-family: verdana, geneva, sans-serif;\">L\u2019ost\u00e9opathe prodigue \u00e9galement en fin de consultation des conseils hygi\u00e9no-di\u00e9t\u00e9tiques destin\u00e9s \u00e0 poursuivre l\u2019efficacit\u00e9 du traitement (exercices musculaires, conseils nutritionnels \u2026)<\/span><\/span><\/li>\n<\/ul>\n<p><span style=\"font-family: verdana, geneva, sans-serif;\"><span style=\"font-family: verdana, geneva, sans-serif;\"><br \/>\n<\/span><\/span><\/p>\n<div>\n<style>\n  .doctolib-button {display: inline-block;padding: 3px 3px;margin-bottom: 10px;font-size: 12px;font-weight: bold; line-height: 2;text-align: center;width: 200px;background-color: rgb(234, 218, 202);text-transform: none;text-color: rgb(255, 255, 255);font-size: 12px;vertical-align: middle;cursor: pointer;text-decoration: none;font-family: Verdana;border: 5px solid transparent;border-width: 5px;border-style: solid;border-image: none;border-radius: 10px;border-color: rgb(148, 125, 117);-moz-border-top-colors: 1;-moz-border-right-colors: 1;-moz-border-bottom-colors: 1;-moz-border-left-colors: 1;-moz-user-select: none;}<\/p>\n<p>  .doctolib-button:hover {background-color: rgb(234, 218, 202);color: white;text-decoration:none;}<\/style>\n<p style=\"text-align: center;\"><span style=\"color: #ffffff;\"><a class=\"doctolib-button\" title=\"Mme Manon CARATY - Ost\u00e9opathe Tours\" href=\"https:\/\/www.doctolib.fr\/osteopathe\/tours\/manon-caraty\" target=\"_blank\" rel=\"noopener\">Prendre rendez-vous en ligne<\/a><\/span><\/p>\n<\/div>\n<\/div>","protected":false},"excerpt":{"rendered":"<p>\u00a0La consultation se d\u00e9roule en trois temps\u00a0: L\u2019anamn\u00e8se\u00a0: le patient pr\u00e9sente son motif de consultation, et r\u00e9pond \u00e0 une s\u00e9rie de questions concernant sa douleur. Il \u00e9change \u00e9galement avec le praticien pour recenser ses ant\u00e9c\u00e9dents m\u00e9dicaux, chirurgicaux, traumatiques, familiaux \u2026 N\u00e9cessaires \u00e0 la compr\u00e9hension du motif de consultation. L\u2019objectif de l\u2019anamn\u00e8se est de dire si [&hellip;]<\/p>\n","protected":false},"author":1,"featured_media":0,"parent":0,"menu_order":2,"comment_status":"closed","ping_status":"closed","template":"","meta":[],"_links":{"self":[{"href":"https:\/\/www.osteopathe-tours37.com\/index.php?rest_route=\/wp\/v2\/pages\/5"}],"collection":[{"href":"https:\/\/www.osteopathe-tours37.com\/index.php?rest_route=\/wp\/v2\/pages"}],"about":[{"href":"https:\/\/www.osteopathe-tours37.com\/index.php?rest_route=\/wp\/v2\/types\/page"}],"author":[{"embeddable":true,"href":"https:\/\/www.osteopathe-tours37.com\/index.php?rest_route=\/wp\/v2\/users\/1"}],"replies":[{"embeddable":true,"href":"https:\/\/www.osteopathe-tours37.com\/index.php?rest_route=%2Fwp%2Fv2%2Fcomments&post=5"}],"version-history":[{"count":45,"href":"https:\/\/www.osteopathe-tours37.com\/index.php?rest_route=\/wp\/v2\/pages\/5\/revisions"}],"predecessor-version":[{"id":426,"href":"https:\/\/www.osteopathe-tours37.com\/index.php?rest_route=\/wp\/v2\/pages\/5\/revisions\/426"}],"wp:attachment":[{"href":"https:\/\/www.osteopathe-tours37.com\/index.php?rest_route=%2Fwp%2Fv2%2Fmedia&parent=5"}],"curies":[{"name":"wp","href":"https:\/\/api.w.org\/{rel}","templated":true}]}}